{"id":51,"date":"2019-11-22T08:57:43","date_gmt":"2019-11-22T07:57:43","guid":{"rendered":"http:\/\/momo.strenger.online\/?page_id=51"},"modified":"2025-02-13T11:59:05","modified_gmt":"2025-02-13T10:59:05","slug":"u-boot-steuerung","status":"publish","type":"page","link":"https:\/\/momo-sauerland.de\/","title":{"rendered":"U-Boot-Steuerungen"},"content":{"rendered":"\n<p><\/p>\n\n\n\n<p>Kolbentanksteuerungen<br><\/p>\n\n\n\n<div class=\"wp-block-media-text alignwide is-stacked-on-mobile is-vertically-aligned-top\" style=\"grid-template-columns:43% auto\"><figure class=\"wp-block-media-text__media\"><img loading=\"lazy\" decoding=\"async\" width=\"262\" height=\"256\" src=\"http:\/\/momo-sauerland.de\/wp-content\/uploads\/2020\/01\/KTS-10A_kl.jpg\" alt=\"\" class=\"wp-image-183 size-full\"\/><\/figure><div class=\"wp-block-media-text__content\">\n<p><strong>Kolben-Tank-Steuerung 10A:<\/strong> Ma\u00dfe: 44x49x20mm, 31g. Eine ausf\u00fchrliche Beschreibung finden Sie <strong><a href=\"http:\/\/momo-sauerland.de\/wp-content\/uploads\/2020\/02\/Kts10A-Beschreibung.pdf\" target=\"_blank\" rel=\"noreferrer noopener\"><em>hier<\/em><\/a>.<\/strong><br>Bestell-Nr.: KTS10A, Preis: 35 Euro, Versandkosten: 4,00 Euro als Einwurfeinschreiben. <\/p>\n<\/div><\/div>\n\n\n\n<div class=\"wp-block-media-text alignwide is-stacked-on-mobile\" style=\"grid-template-columns:43% auto\"><figure class=\"wp-block-media-text__media\"><img loading=\"lazy\" decoding=\"async\" width=\"262\" height=\"256\" src=\"http:\/\/momo-sauerland.de\/wp-content\/uploads\/2020\/01\/KTS-10A_kl.jpg\" alt=\"\" class=\"wp-image-183 size-full\"\/><\/figure><div class=\"wp-block-media-text__content\">\n<p class=\"has-text-align-left\"><strong>Kolben-Tank-Steuerung  10A mit Druckschalter:  <\/strong>Am Anschluss f\u00fcr den  Druckschalter kann ein  Drucksensor angeschlossen werden. Ma\u00dfe:  44x49x20mm, 31g. Eine  ausf\u00fchrliche Beschreibung finden Sie <strong><a href=\"http:\/\/momo-sauerland.de\/wp-content\/uploads\/2020\/02\/Kts10A-Beschreibung.pdf\" target=\"_blank\" rel=\"noreferrer noopener\"><em>hier<\/em><\/a>.<\/strong><br>Bestell-Nr.: KTS10A-D, Preis: 36 Euro, Versandkosten: 4,00 Euro als Einwurfeinschreiben. <\/p>\n<\/div><\/div>\n\n\n\n<div class=\"wp-block-media-text alignwide is-stacked-on-mobile is-vertically-aligned-top\" style=\"grid-template-columns:43% auto\"><figure class=\"wp-block-media-text__media\"><img loading=\"lazy\" decoding=\"async\" width=\"210\" height=\"255\" src=\"http:\/\/momo-sauerland.de\/wp-content\/uploads\/2020\/01\/KTS-10A-SP_kl.jpg\" alt=\"\" class=\"wp-image-184 size-full\"\/><\/figure><div class=\"wp-block-media-text__content\">\n<p><strong>Kolben-Tank-Steuerung  10A mit Spannungsw\u00e4chter:<\/strong> Am Poti &#8222;Schwellwert  Unterspannung&#8220; kann die  Schwellspannung eingestellt werden. Ma\u00dfe:  44x49x20mm, 31g. Eine  ausf\u00fchrliche Beschreibung finden Sie <strong><a href=\"http:\/\/momo-sauerland.de\/wp-content\/uploads\/2020\/02\/Kts10A-Beschreibung.pdf\" target=\"_blank\" rel=\"noreferrer noopener\"><em>hier<\/em><\/a>.<\/strong><br>Bestell-Nr.: KTS10A-SW, Preis: 38 Euro, Versandkosten: 4,00 Euro als Einwurfeinschreiben.     <\/p>\n<\/div><\/div>\n\n\n\n<div class=\"wp-block-media-text alignwide is-stacked-on-mobile\" style=\"grid-template-columns:43% auto\"><figure class=\"wp-block-media-text__media\"><img loading=\"lazy\" decoding=\"async\" width=\"210\" height=\"255\" src=\"http:\/\/momo-sauerland.de\/wp-content\/uploads\/2020\/01\/KTS-10A-SP_kl.jpg\" alt=\"\" class=\"wp-image-184 size-full\"\/><\/figure><div class=\"wp-block-media-text__content\">\n<p><strong>Kolben-Tank-Steuerung  10A mit Druckschalter und Spannungsw\u00e4chter: <\/strong>Am  Anschluss f\u00fcr den  Druckschalter kann ein Drucksensor angeschlossen  werden. Am Poti  &#8222;Schwellwert Unterspannung&#8220; kann die Schwellspannung  eingestellt werden.  Ma\u00dfe: 44x49x20mm, 31g. Eine ausf\u00fchrliche  Beschreibung finden Sie <strong><em><a href=\"http:\/\/momo-sauerland.de\/wp-content\/uploads\/2020\/02\/Kts10A-Beschreibung.pdf\" target=\"_blank\" rel=\"noreferrer noopener\">hier<\/a><\/em>.<\/strong><br>Bestell-Nr.: KTS10A-D-SW, Preis: 39 Euro, Versandkosten: 4,00 Euro als Einwurfeinschreiben. <\/p>\n<\/div><\/div>\n\n\n\n<div class=\"wp-block-media-text alignwide is-stacked-on-mobile\"><figure class=\"wp-block-media-text__media\"><img loading=\"lazy\" decoding=\"async\" width=\"262\" height=\"256\" src=\"http:\/\/momo-sauerland.de\/wp-content\/uploads\/2020\/01\/KTS-10A_D_kl.jpg\" alt=\"\" class=\"wp-image-202 size-full\"\/><\/figure><div class=\"wp-block-media-text__content\">\n<p><strong>Kolben-Tank-Steuerung 10A<\/strong> <strong>mit 90% Endschalter<\/strong>: <br>Ma\u00dfe: 44x49x20mm, 31g. Eine ausf\u00fchrliche Beschreibung finden Sie <strong><a href=\"http:\/\/momo-sauerland.de\/wp-content\/uploads\/2020\/02\/Kts10A-Beschreibung.pdf\" target=\"_blank\" rel=\"noreferrer noopener\"><em>hier<\/em><\/a>.<\/strong><br>Bestell-Nr.: KTS10A-90, Preis: 36 Euro, Versandkosten: 4,00 Euro als Einwurfeinschreiben. <\/p>\n<\/div><\/div>\n\n\n\n<div class=\"wp-block-media-text alignwide is-stacked-on-mobile\"><figure class=\"wp-block-media-text__media\"><img loading=\"lazy\" decoding=\"async\" width=\"262\" height=\"256\" src=\"http:\/\/momo-sauerland.de\/wp-content\/uploads\/2020\/01\/KTS-10A_D_kl.jpg\" alt=\"\" class=\"wp-image-202 size-full\"\/><\/figure><div class=\"wp-block-media-text__content\">\n<p class=\"has-text-align-left\"><strong>Kolben-Tank-Steuerung  10A mit 90% Endschalter und Druckschalter:  <\/strong>Am Anschluss f\u00fcr den  Druckschalter kann ein  Drucksensor angeschlossen werden. Ma\u00dfe:  44x49x20mm, 31g. Eine  ausf\u00fchrliche Beschreibung finden Sie <strong><a href=\"http:\/\/momo-sauerland.de\/wp-content\/uploads\/2020\/02\/Kts10A-Beschreibung.pdf\" target=\"_blank\" rel=\"noreferrer noopener\"><em>hier<\/em><\/a>.<\/strong><br>Bestell-Nr.: KTS10A-90-D, Preis: 37 Euro, Versandkosten: 4,00 Euro als Einwurfeinschreiben. <\/p>\n<\/div><\/div>\n\n\n\n<div class=\"wp-block-media-text alignwide is-stacked-on-mobile\"><figure class=\"wp-block-media-text__media\"><img loading=\"lazy\" decoding=\"async\" width=\"210\" height=\"255\" src=\"http:\/\/momo-sauerland.de\/wp-content\/uploads\/2020\/01\/KTS-10A-_D_SP_kl.jpg\" alt=\"\" class=\"wp-image-203 size-full\"\/><\/figure><div class=\"wp-block-media-text__content\">\n<p><strong>Kolben-Tank-Steuerung  10A mit 90% Endschalter und  Spannungsw\u00e4chter:<\/strong> Am Poti &#8222;Schwellwert  Unterspannung&#8220; kann die  Schwellspannung eingestellt werden. Ma\u00dfe:  44x49x20mm, 31g. Eine  ausf\u00fchrliche Beschreibung finden Sie <strong><a href=\"http:\/\/momo-sauerland.de\/wp-content\/uploads\/2020\/02\/Kts10A-Beschreibung.pdf\" target=\"_blank\" rel=\"noreferrer noopener\"><em>hier<\/em><\/a>.<\/strong><br>Bestell-Nr.: KTS10A-90-SW, Preis: 39 Euro, Versandkosten: 4,00 Euro als Einwurfeinschreiben.     <\/p>\n<\/div><\/div>\n\n\n\n<div class=\"wp-block-media-text alignwide is-stacked-on-mobile\"><figure class=\"wp-block-media-text__media\"><img loading=\"lazy\" decoding=\"async\" width=\"210\" height=\"255\" src=\"http:\/\/momo-sauerland.de\/wp-content\/uploads\/2020\/01\/KTS-10A-_D_SP_kl.jpg\" alt=\"\" class=\"wp-image-203 size-full\"\/><\/figure><div class=\"wp-block-media-text__content\">\n<p><strong>Kolben-Tank-Steuerung  10A mit 90% Endschalter und Druckschalter und Spannungsw\u00e4chter: <\/strong>Am  Anschluss f\u00fcr den  Druckschalter kann ein Drucksensor angeschlossen  werden. Am Poti  &#8222;Schwellwert Unterspannung&#8220; kann die Schwellspannung  eingestellt werden.  Ma\u00dfe: 44x49x20mm, 31g. Eine ausf\u00fchrliche  Beschreibung finden Sie <strong><em><a href=\"http:\/\/momo-sauerland.de\/wp-content\/uploads\/2020\/02\/Kts10A-Beschreibung.pdf\" target=\"_blank\" rel=\"noreferrer noopener\">hier<\/a><\/em>.<\/strong><br>Bestell-Nr.: KTS10A-90-D-SW, Preis: 40 Euro, Versandkosten: 4,00 Euro als Einwurfeinschreiben. <\/p>\n<\/div><\/div>\n\n\n\n<div class=\"wp-block-media-text alignwide is-stacked-on-mobile\" style=\"grid-template-columns:43% auto\"><figure class=\"wp-block-media-text__media\"><img loading=\"lazy\" decoding=\"async\" width=\"352\" height=\"256\" src=\"http:\/\/momo-sauerland.de\/wp-content\/uploads\/2020\/01\/KTS-P_kl.jpg\" alt=\"\" class=\"wp-image-191 size-full\" srcset=\"https:\/\/momo-sauerland.de\/wp-content\/uploads\/2020\/01\/KTS-P_kl.jpg 352w, https:\/\/momo-sauerland.de\/wp-content\/uploads\/2020\/01\/KTS-P_kl-300x218.jpg 300w\" sizes=\"auto, (max-width: 352px) 100vw, 352px\" \/><\/figure><div class=\"wp-block-media-text__content\">\n<p><strong>Proportionale  Kolben-Tank-Steuerung 10A:<\/strong> Durch Z\u00e4hlen der  Spindelumdrehungen wird die  exakte Position vom Kolben eingestellt.  Ma\u00dfe: 44x49x20mm, 37g. Eine  ausf\u00fchrliche Beschreibung finden Sie <strong><a href=\"http:\/\/momo-sauerland.de\/wp-content\/uploads\/2020\/02\/KTS10a_propBeschreibung.pdf\" target=\"_blank\" rel=\"noreferrer noopener\"><em>hier<\/em><\/a>.<\/strong><br>Bestell-Nr.: KTS10A-P, Preis: 50 Euro, Versandkosten: 4,00 Euro als Einwurfeinschreiben.  <\/p>\n<\/div><\/div>\n\n\n\n<div class=\"wp-block-media-text alignwide is-stacked-on-mobile\" style=\"grid-template-columns:43% auto\"><figure class=\"wp-block-media-text__media\"><img loading=\"lazy\" decoding=\"async\" width=\"352\" height=\"256\" src=\"http:\/\/momo-sauerland.de\/wp-content\/uploads\/2020\/01\/KTS-P_kl.jpg\" alt=\"\" class=\"wp-image-191 size-full\" srcset=\"https:\/\/momo-sauerland.de\/wp-content\/uploads\/2020\/01\/KTS-P_kl.jpg 352w, https:\/\/momo-sauerland.de\/wp-content\/uploads\/2020\/01\/KTS-P_kl-300x218.jpg 300w\" sizes=\"auto, (max-width: 352px) 100vw, 352px\" \/><\/figure><div class=\"wp-block-media-text__content\">\n<p><strong>Proportionale  Kolben-Tank-Steuerung 10A mit Druckschalter: <\/strong>Am Anschluss  f\u00fcr den  Druckschalter kann ein Drucksensor angeschlossen werden. Ma\u00dfe:   44x49x20mm, 37g. Eine ausf\u00fchrliche Beschreibung finden Sie<strong> <a href=\"http:\/\/momo-sauerland.de\/wp-content\/uploads\/2020\/02\/KTS10a_propBeschreibung.pdf\" target=\"_blank\" rel=\"noreferrer noopener\"><em>hier<\/em><\/a>.<\/strong><br>Bestell-Nr: KTS10A-P-D, Preis: 51 Euro, Versandkosten: 4,00 Euro als Einwurfeinschreiben.  <\/p>\n<\/div><\/div>\n\n\n\n<div class=\"wp-block-media-text alignwide is-stacked-on-mobile\" style=\"grid-template-columns:43% auto\"><figure class=\"wp-block-media-text__media\"><img loading=\"lazy\" decoding=\"async\" width=\"287\" height=\"255\" src=\"http:\/\/momo-sauerland.de\/wp-content\/uploads\/2020\/01\/KTS-P-SP_kl.jpg\" alt=\"\" class=\"wp-image-192 size-full\"\/><\/figure><div class=\"wp-block-media-text__content\">\n<p><strong>Proportionale  Kolben-Tank-Steuerung 10A mit Spannungsw\u00e4chter:<\/strong> Am Poti  &#8222;Schwellwert  Unterspannung&#8220; kann die Schwellspannung eingestellt  werden. Ma\u00dfe:  44x49x20mm, 37g. Eine ausf\u00fchrliche Beschreibung finden  Sie <strong><a href=\"http:\/\/momo-sauerland.de\/wp-content\/uploads\/2020\/02\/KTS10a_propBeschreibung.pdf\" target=\"_blank\" rel=\"noreferrer noopener\"><em>hier<\/em><\/a>.<\/strong><br>Bestell-Nr: KTS10A-P-SW, Preis: 53 Euro, Versandkosten: 4,00 Euro als Einwurfeinschreiben.  <\/p>\n<\/div><\/div>\n\n\n\n<div class=\"wp-block-media-text alignwide is-stacked-on-mobile\" style=\"grid-template-columns:43% auto\"><figure class=\"wp-block-media-text__media\"><img loading=\"lazy\" decoding=\"async\" width=\"287\" height=\"255\" src=\"http:\/\/momo-sauerland.de\/wp-content\/uploads\/2020\/01\/KTS-P-SP_kl.jpg\" alt=\"\" class=\"wp-image-192 size-full\"\/><\/figure><div class=\"wp-block-media-text__content\">\n<p><strong>Proportionale  Kolben-Tank-Steuerung 10A mit Druchschalter und  Spannungsw\u00e4chter:<\/strong> Am  Anschluss f\u00fcr den Druckschalter kann ein  Drucksensor angeschlossen  werden. Am Poti &#8222;Schwellwert Unterspannung&#8220;  kann die Schwellspannung  eingestellt werden. Ma\u00dfe: 44x49x20mm, 37g.<br> Eine ausf\u00fchrliche Beschreibung finden Sie <strong><a href=\"http:\/\/momo-sauerland.de\/wp-content\/uploads\/2020\/02\/KTS10a_propBeschreibung.pdf\" target=\"_blank\" rel=\"noreferrer noopener\"><em>hier<\/em><\/a>.<\/strong><br>Bestell-Nr: KTS10A-P-D-SW, Preis: 54 Euro, Versandkosten: 4,00 Euro als Einwurfeinschreiben. &nbsp; &nbsp; &nbsp;  <\/p>\n<\/div><\/div>\n\n\n\n<div class=\"wp-block-media-text alignwide is-stacked-on-mobile\" style=\"grid-template-columns:43% auto\"><figure class=\"wp-block-media-text__media\"><img loading=\"lazy\" decoding=\"async\" width=\"317\" height=\"235\" src=\"http:\/\/momo-sauerland.de\/wp-content\/uploads\/2025\/02\/Wassermelder_KTS_kl-rotated.jpg\" alt=\"\" class=\"wp-image-854 size-full\" srcset=\"https:\/\/momo-sauerland.de\/wp-content\/uploads\/2025\/02\/Wassermelder_KTS_kl-rotated.jpg 317w, https:\/\/momo-sauerland.de\/wp-content\/uploads\/2025\/02\/Wassermelder_KTS_kl-300x222.jpg 300w\" sizes=\"auto, (max-width: 317px) 100vw, 317px\" \/><\/figure><div class=\"wp-block-media-text__content\">\n<p><strong>Wassermelder f\u00fcr  Kolben-Tank-Steuerung:<\/strong> Der Wassermelder ist speziell f\u00fcr die MoMo Sauerland KTS vorgesehen.<br>Er wird an den Anschlu\u00df f\u00fcr einen Druckschalter angeschlossen und<br>reagiert auf einen Wassereinbruch. Der Wassermelder KTS kann nur am<br>Druckschaltereingang einer KTS betrieben werden. F\u00fcr andere<br>Anwendungen bitte den &#8222;Wassermelder solo&#8220; nehmen.<br>Ma\u00dfe: 20x9x4,5mm, 4g. Eine ausf\u00fchrliche Beschreibung finden Sie <strong><a href=\"http:\/\/momo-sauerland.de\/wp-content\/uploads\/2025\/02\/Wassermelder_KTS.pdf\" target=\"_blank\" rel=\"noreferrer noopener\"><em>hier<\/em><\/a>.<\/strong><br>Bestell-Nr: WM-KTS, Preis: 10 Euro, Versandkosten: 4,00 Euro als Einwurfeinschreiben. \u00a0 \u00a0 \u00a0<\/p>\n<\/div><\/div>\n\n\n\n<h2 class=\"wp-block-heading\">Lage- und Tiefenregelung<\/h2>\n\n\n\n<div class=\"wp-block-media-text alignwide is-stacked-on-mobile\" style=\"grid-template-columns:43% auto\"><figure class=\"wp-block-media-text__media\"><img loading=\"lazy\" decoding=\"async\" width=\"325\" height=\"209\" src=\"http:\/\/momo-sauerland.de\/wp-content\/uploads\/2020\/01\/LR_kl.jpg\" alt=\"\" class=\"wp-image-193 size-full\" srcset=\"https:\/\/momo-sauerland.de\/wp-content\/uploads\/2020\/01\/LR_kl.jpg 325w, https:\/\/momo-sauerland.de\/wp-content\/uploads\/2020\/01\/LR_kl-300x193.jpg 300w\" sizes=\"auto, (max-width: 325px) 100vw, 325px\" \/><\/figure><div class=\"wp-block-media-text__content\">\n<p><strong>Lageregler:<\/strong> Stabilisiert eine Achse des Ubootes. Der  Lageregler  ist ein P-Regler mit Nullstellungsjustage und dynamischer  Abschaltung ab  80%  Steuerkn\u00fcppelstellung. Zus\u00e4tzlich kann die Steuerung zur R\u00fcckw\u00e4rtsfahrterkennung (Bestell-Nr. RE) angeschlossen werden. Die Ruder werden automatisch invertiert f\u00fcr eine kontrollierte R\u00fcckw\u00e4rtsfahrt. <br>Ma\u00dfe: 30x22x7mm, 12g.<br>Eine ausf\u00fchrliche Beschreibung finden Sie <em><a rel=\"noreferrer noopener\" href=\"http:\/\/momo-sauerland.de\/wp-content\/uploads\/2020\/02\/LR-Beschreibung_RE.pdf\" target=\"_blank\">hier<\/a>.<\/em> <br>Bestell-Nr.: LR, Preis: 50 Euro, Versandkosten: 4 Euro als Einwurfeinschreiben <\/p>\n<\/div><\/div>\n\n\n\n<div class=\"wp-block-media-text alignwide is-stacked-on-mobile\" style=\"grid-template-columns:43% auto\"><figure class=\"wp-block-media-text__media\"><img loading=\"lazy\" decoding=\"async\" width=\"302\" height=\"219\" src=\"http:\/\/momo-sauerland.de\/wp-content\/uploads\/2020\/01\/LR-senderverstellbar_kl.jpg\" alt=\"\" class=\"wp-image-194 size-full\" srcset=\"https:\/\/momo-sauerland.de\/wp-content\/uploads\/2020\/01\/LR-senderverstellbar_kl.jpg 302w, https:\/\/momo-sauerland.de\/wp-content\/uploads\/2020\/01\/LR-senderverstellbar_kl-300x218.jpg 300w\" sizes=\"auto, (max-width: 302px) 100vw, 302px\" \/><\/figure><div class=\"wp-block-media-text__content\">\n<p><strong>Lageregler sendereinstellbar:<\/strong> Stabilisiert eine Achse des Ubootes. Der  Lageregler  ist ein P-Regler mit Nullstellungsjustage und dynamischer  Abschaltung ab  80%  Steuerkn\u00fcppelstellung.  Bei diesem Regler wird die Empfindlichkeit \u00fcber einen proportionalen Kanal am Sender eingestellt. Zus\u00e4tzlich kann die Steuerung zur R\u00fcckw\u00e4rtsfahrterkennung (Bestell-Nr. RE) angeschlossen werden. Die Ruder werden automatisch invertiert f\u00fcr eine kontrollierte R\u00fcckw\u00e4rtsfahrt.<br>Ma\u00dfe: 30x22x7mm, 12g.<br>Eine ausf\u00fchrliche Beschreibung finden Sie <em><a rel=\"noreferrer noopener\" href=\"http:\/\/momo-sauerland.de\/wp-content\/uploads\/2020\/02\/LR-SK.pdf\" target=\"_blank\">hier<\/a>.<\/em> <br>Bestell-Nr.: LR-SK, Preis: 65 Euro, Versandkosten: 4 Euro als Einwurfeinschreiben <\/p>\n<\/div><\/div>\n\n\n\n<div class=\"wp-block-media-text alignwide is-stacked-on-mobile\" style=\"grid-template-columns:43% auto\"><figure class=\"wp-block-media-text__media\"><img loading=\"lazy\" decoding=\"async\" width=\"288\" height=\"227\" src=\"http:\/\/momo-sauerland.de\/wp-content\/uploads\/2020\/01\/RE_kl.jpg\" alt=\"\" class=\"wp-image-197 size-full\"\/><\/figure><div class=\"wp-block-media-text__content\">\n<p><strong>R\u00fcckw\u00e4rtsfahrterkennung: <\/strong>Sie muss mit einem Lageregler kombiniert werden.  Die RE funktioniert sowohl bei einem B\u00fcrstenmotor, als auch bei einem  BL-Antrieb. <br>Ma\u00dfe:  24x11x5mm, 3g. Eine Beschreibung der Steuerung finden  Sie <a rel=\"noreferrer noopener\" href=\"http:\/\/momo-sauerland.de\/wp-content\/uploads\/2022\/04\/RE.pdf\" target=\"_blank\">hier<\/a>. <br>Bestell-Nr.: RE, Preis: 10 Euro,  Versandkosten: 3,50 Euro als Einwurfeinschreiben  <\/p>\n<\/div><\/div>\n\n\n\n<div class=\"wp-block-media-text alignwide is-stacked-on-mobile\" style=\"grid-template-columns:43% auto\"><figure class=\"wp-block-media-text__media\"><img loading=\"lazy\" decoding=\"async\" width=\"269\" height=\"267\" src=\"http:\/\/momo-sauerland.de\/wp-content\/uploads\/2020\/01\/LR-X_kl.jpg\" alt=\"\" class=\"wp-image-195 size-full\" srcset=\"https:\/\/momo-sauerland.de\/wp-content\/uploads\/2020\/01\/LR-X_kl.jpg 269w, https:\/\/momo-sauerland.de\/wp-content\/uploads\/2020\/01\/LR-X_kl-150x150.jpg 150w, https:\/\/momo-sauerland.de\/wp-content\/uploads\/2020\/01\/LR-X_kl-100x100.jpg 100w\" sizes=\"auto, (max-width: 269px) 100vw, 269px\" \/><\/figure><div class=\"wp-block-media-text__content\">\n<p><strong>Lageregler X mit integriertem Kreuzmischer und R\u00fcckw\u00e4rtsfahrterkennung:<\/strong> Mischt die  Steuerung von Ubooten mit X-Rudern. Der  Lageregler ist ein P-Regler mit  Nullstellungsjustage und dynamischer  Abschaltung ab 80%  Steuerkn\u00fcppelstellung. F\u00fcr die Erkennung der R\u00fcckw\u00e4rtsfahrt und das automatische Invertieren der Ruder muss die Steuerung Bestell-Nr. RE zus\u00e4tzlich bestellt werden. <br>Ma\u00dfe: 30x22x7mm, 12g.  Eine ausf\u00fchrliche  Beschreibung finden Sie <em><a href=\"http:\/\/momo-sauerland.de\/wp-content\/uploads\/2024\/04\/LR-X_3.pdf\">hier<\/a>. <\/em><br>Bestell-Nr.: LR-X, Preis: 65 Euro, Versandkosten: 4 Euro als Einwurfeinschreiben. <\/p>\n<\/div><\/div>\n\n\n\n<div class=\"wp-block-media-text alignwide is-stacked-on-mobile\" style=\"grid-template-columns:43% auto\"><figure class=\"wp-block-media-text__media\"><img loading=\"lazy\" decoding=\"async\" width=\"246\" height=\"247\" src=\"http:\/\/momo-sauerland.de\/wp-content\/uploads\/2021\/03\/Tiefenmodul2_kl.jpg\" alt=\"\" class=\"wp-image-549 size-full\" srcset=\"https:\/\/momo-sauerland.de\/wp-content\/uploads\/2021\/03\/Tiefenmodul2_kl.jpg 246w, https:\/\/momo-sauerland.de\/wp-content\/uploads\/2021\/03\/Tiefenmodul2_kl-150x150.jpg 150w, https:\/\/momo-sauerland.de\/wp-content\/uploads\/2021\/03\/Tiefenmodul2_kl-100x100.jpg 100w\" sizes=\"auto, (max-width: 246px) 100vw, 246px\" \/><\/figure><div class=\"wp-block-media-text__content\">\n<p><strong>Tiefenmodul-2:<\/strong>  Das Modul funktioniert nur in Verbindung mit z.B.  einem Lageregler. Das  Modul stabilisiert die Tiefe des U-Bootes. <br>Ma\u00dfe:  23,5&#215;32,5x9mm, 9g. Eine  ausf\u00fchrliche Beschreibung finden Sie <em><a rel=\"noreferrer noopener\" aria-label=\" (\u00f6ffnet in neuem Tab)\" href=\"http:\/\/momo-sauerland.de\/wp-content\/uploads\/2021\/03\/Tiefenmodul_2.pdf\" target=\"_blank\">hier<\/a><\/em>.<br>Bestell-Nr.: TM, Preis: 55 Euro,  Versandkosten: 4 Euro als Einwurfeinschreiben  <\/p>\n<\/div><\/div>\n\n\n\n<div class=\"wp-block-media-text alignwide is-stacked-on-mobile\" style=\"grid-template-columns:43% auto\"><figure class=\"wp-block-media-text__media\"><img loading=\"lazy\" decoding=\"async\" width=\"287\" height=\"288\" src=\"http:\/\/momo-sauerland.de\/wp-content\/uploads\/2020\/01\/X-Mix_kl.jpg\" alt=\"\" class=\"wp-image-201 size-full\" srcset=\"https:\/\/momo-sauerland.de\/wp-content\/uploads\/2020\/01\/X-Mix_kl.jpg 287w, https:\/\/momo-sauerland.de\/wp-content\/uploads\/2020\/01\/X-Mix_kl-150x150.jpg 150w, https:\/\/momo-sauerland.de\/wp-content\/uploads\/2020\/01\/X-Mix_kl-100x100.jpg 100w\" sizes=\"auto, (max-width: 287px) 100vw, 287px\" \/><\/figure><div class=\"wp-block-media-text__content\">\n<p><strong>Kreuzmischer<\/strong>:  Anwendungsgebiete sind die X-Ruder bei Ubooten, das   mischen vom Antrieb  bei Kettenfahrzeugen oder den \u00e4u\u00dferen Schrauben bei   Modellschiffen.  Ma\u00dfe: 22x20x5mm, 7g. Eine ausf\u00fchrliche Beschreibung   finden Sie <em><a rel=\"noreferrer noopener\" href=\"http:\/\/momo-sauerland.de\/wp-content\/uploads\/2020\/02\/Kreuzmischer.pdf\" target=\"_blank\">hier<\/a><\/em>.<br>Bestell-Nr.: KM, Preis: 20 Euro, Versandkosten: 3,50 Euro als Einwurfeinschreiben.  <\/p>\n<\/div><\/div>\n\n\n\n<p>Die Versandkosten beziehen sich auf Deutschland. <\/p>\n\n\n\n<p><strong>Bei Fragen oder Bestellung gehen Sie bitte auf Kontakt und senden mir eine email. <\/strong><\/p>\n","protected":false},"excerpt":{"rendered":"<p>Kolbentanksteuerungen Kolben-Tank-Steuerung 10A: Ma\u00dfe: 44x49x20mm, 31g. Eine ausf\u00fchrliche Beschreibung finden Sie hier.Bestell-Nr.: KTS10A, Preis: 35 Euro, Versandkosten: 4,00 Euro als Einwurfeinschreiben. Kolben-Tank-Steuerung 10A mit Druckschalter: Am Anschluss f\u00fcr den Druckschalter kann ein Drucksensor angeschlossen werden. Ma\u00dfe: 44x49x20mm, 31g. Eine ausf\u00fchrliche Beschreibung finden Sie hier.Bestell-Nr.: KTS10A-D, Preis: 36 Euro, Versandkosten: 4,00 Euro als Einwurfeinschreiben. Kolben-Tank-Steuerung 10A &hellip; <\/p>\n<p class=\"link-more\"><a href=\"https:\/\/momo-sauerland.de\/\" class=\"more-link\"><span class=\"screen-reader-text\">\u201eU-Boot-Steuerungen\u201c<\/span> weiterlesen<\/a><\/p>\n","protected":false},"author":1,"featured_media":0,"parent":2,"menu_order":0,"comment_status":"closed","ping_status":"closed","template":"","meta":{"footnotes":""},"class_list":["post-51","page","type-page","status-publish","hentry"],"_links":{"self":[{"href":"https:\/\/momo-sauerland.de\/index.php\/wp-json\/wp\/v2\/pages\/51","targetHints":{"allow":["GET"]}}],"collection":[{"href":"https:\/\/momo-sauerland.de\/index.php\/wp-json\/wp\/v2\/pages"}],"about":[{"href":"https:\/\/momo-sauerland.de\/index.php\/wp-json\/wp\/v2\/types\/page"}],"author":[{"embeddable":true,"href":"https:\/\/momo-sauerland.de\/index.php\/wp-json\/wp\/v2\/users\/1"}],"replies":[{"embeddable":true,"href":"https:\/\/momo-sauerland.de\/index.php\/wp-json\/wp\/v2\/comments?post=51"}],"version-history":[{"count":170,"href":"https:\/\/momo-sauerland.de\/index.php\/wp-json\/wp\/v2\/pages\/51\/revisions"}],"predecessor-version":[{"id":861,"href":"https:\/\/momo-sauerland.de\/index.php\/wp-json\/wp\/v2\/pages\/51\/revisions\/861"}],"up":[{"embeddable":true,"href":"https:\/\/momo-sauerland.de\/index.php\/wp-json\/wp\/v2\/pages\/2"}],"wp:attachment":[{"href":"https:\/\/momo-sauerland.de\/index.php\/wp-json\/wp\/v2\/media?parent=51"}],"curies":[{"name":"wp","href":"https:\/\/api.w.org\/{rel}","templated":true}]}}