{"id":435,"date":"2020-03-04T15:33:21","date_gmt":"2020-03-04T14:33:21","guid":{"rendered":"http:\/\/momo-sauerland.de\/?page_id=435"},"modified":"2025-04-10T20:28:47","modified_gmt":"2025-04-10T19:28:47","slug":"agbs","status":"publish","type":"page","link":"https:\/\/momo-sauerland.de\/index.php\/agbs\/","title":{"rendered":"AGB"},"content":{"rendered":"\n<h2 class=\"wp-block-heading\">Allgemeine Gesch\u00e4ftsbedingungen von CFE-Sauerland <\/h2>\n\n\n\n<p>Ihr Kaufvertrag kommt zustande mit CFE-Sauerland,<\/p>\n\n\n\n<p>Heidering 15<br><\/p>\n\n\n\n<p>D-59872 Meschede \n<\/p>\n\n\n\n<p>Gesch\u00e4ftsinhaber: C. Feldmann<\/p>\n\n\n\n<p>Steuernummer: 334 \/ 5022 \/ 1803<\/p>\n\n\n\n<p><strong>1) Geltungsbereich<\/strong><\/p>\n\n\n\n<p>(1) CFE-Sauerland f\u00fchrt Ihre Bestellungen auf der Grundlage der nachfolgenden Allgemeinen Gesch\u00e4ftsbedingungen durch.<\/p>\n\n\n\n<p>(2) Die AGB gelten f\u00fcr alle Bestellungen und werden mit jeder \nBestellung, in der zu diesem Zeitpunkt g\u00fcltigen Fassung, von Ihnen \nanerkannt. \n<\/p>\n\n\n\n<p> (3) Die aktuell g\u00fcltigen AGB k\u00f6nnen zu jeder Zeit unter <br>www.momo-sauerland.de\/agb <br>eingesehen, herunter geladen und ausgedruckt werden.  <\/p>\n\n\n\n<p>(4) Von diesen Bedingungen abweichende Regelungen erkennen wir nicht an, es sei denn, sie werden von uns schriftlich best\u00e4tigt. \n<\/p>\n\n\n\n<p>(5)S\u00e4mtliche Angebote, unabh\u00e4ngig davon, ob sie telefonisch, per Telefax, Internet, E-Mail oder in sonstiger Weise erteilt werden, sind f\u00fcr die Firma CFE-Sauerland erst verbindlich, wenn sie schriftlich best\u00e4tigt worden sind bzw. die Ware zur Auslieferung gebracht und\/oder eine Rechnung erteilt wurde.<\/p>\n\n\n\n<p><strong>2) Preis- und Warenangaben <\/strong><\/p>\n\n\n\n<p>Ausschlaggebend\n f\u00fcr Ihre Zahlungsverpflichtung ist immer die Ihnen zugesandte Rechnung.\n Unsere Preise enthalten nach&nbsp; \u00a719 Abs. 1 Umsatzsteuergesetz keine \nUmsatzsteuer. Preiskorrekturen von Tippfehlern behalten wir uns vor. \nVerpackungs- und Versandkosten tr\u00e4gt der Kunde. \n<\/p>\n\n\n\n<p><strong>3) Bestellvorgang und Vertragsabschluss<\/strong><\/p>\n\n\n\n<p>Die\n Inhalte der Bestellung werden durch Absenden der Bestellung an uns \nabgeschickt oder telefonisch an uns gegeben. Ein Kaufvertrag kommt erst \nmit der Auslieferungsbest\u00e4tigung oder mit der Auslieferung der Ware \nzustande. \n<\/p>\n\n\n\n<p><strong>4) Zahlung<\/strong><\/p>\n\n\n\n<p>Die Zahlung erfolgt  per Vorauskasse wie in der Bestellbest\u00e4tigung angegeben.  <\/p>\n\n\n\n<p><strong>5) Versand<\/strong><\/p>\n\n\n\n<p>(1) Die bestellten Waren werden auf dem schnellsten Wege geliefert. Falls nicht alle bestellten Waren vorr\u00e4tig sein  sollten, behalten wir uns Teillieferungen vor. Sie erhalten deshalb von uns gegebenenfalls mehrere Lieferungen und Rechnungen.   <\/p>\n\n\n\n<p>(2) F\u00fcr den Versand werden&nbsp; Portokosten berechnet, die dem Kunden in Rechnung gestellt werden. \n<\/p>\n\n\n\n<p>(3) Die Waren werden an die vom Kunden angegebene Lieferadresse ausgeliefert. \n<\/p>\n\n\n\n<p>(4) Die Gefahr geht mit der \u00dcbergabe der Ware an die Transportperson auf den K\u00e4ufer \u00fcber. \n<\/p>\n\n\n\n<p>(5) Feststellbare Transportsch\u00e4den sind unverz\u00fcglich schriftlich \nanzuzeigen. Verpackungssch\u00e4den muss sich der Kunde bei Annahme der Ware \nvon dem Transportunternehmen schriftlich best\u00e4tigen lassen.\n<\/p>\n\n\n\n<p><strong>6) Untersuchungspflichten des Kunden<\/strong><\/p>\n\n\n\n<p>(1)Der  Kunde hat die gelieferte Ware nach Erhalt unverz\u00fcglich auf M\u00e4ngel,  insbesondere auf Mengenabweichungen und offensichtliche sonstige M\u00e4ngel,  zu untersuchen (\u00a7 377 HGB). Offensichtlich in diesem Sinne sind M\u00e4ngel,  die so offen zu Tage treten, dass sie auch dem nicht fachkundigen  Durchschnittsk\u00e4ufer ohne besondere Aufmerksamkeit  und ohne weiteres auffallen.  <\/p>\n\n\n\n<p>(2)Mengenabweichungen, offensichtliche M\u00e4ngel und Fehllieferungen hat der Kunde CFE-Sauerland innerhalb von zehn Arbeitstagen (= Arbeitstage sind Montag bis Freitag) nach Ablieferung mitzuteilen.<\/p>\n\n\n\n<p>(3)Nach Ablauf dieser R\u00fcgefrist sind jegliche \nGew\u00e4hrleistungsanspr\u00fcche wegen Mengenabweichungen und offensichtlichen \nM\u00e4ngeln ausgeschlossen. \n<\/p>\n\n\n\n<p>(4)Zur Fristwahrung gen\u00fcgt die rechtzeitige Absendung der Mitteilung.\n<\/p>\n\n\n\n<p>(5)Den Kunden trifft die volle Beweislast f\u00fcr s\u00e4mtliche Anspruchsvoraussetzungen, insbesondere f\u00fcr Mengenabweichungen und offensichtliche M\u00e4ngel, f\u00fcr den Zeitpunkt der Feststellung und die Rechtzeitigkeit der Absendung der Mitteilung an CFE-Sauerland.<\/p>\n\n\n\n<p>(6)Bei offensichtlichen M\u00e4ngeln oder Fehllieferungen tr\u00e4gt CFE-Sauerland die anfallenden Versandkosten.<\/p>\n\n\n\n<p><strong>7) Gew\u00e4hrleistung <\/strong><\/p>\n\n\n\n<p>(1) Die \nGew\u00e4hrleistungspflichten beginnen mit der Ablieferung der Sachen. Die \nGew\u00e4hrleistungsfrist im Fall einer Versendung der Waren beginnt mit \nZurverf\u00fcgungstellung der Sache an dem Bestimmungsort des Kunden, jedoch \nsp\u00e4testens zwei Wochen nach dem Versand der Sachen zu laufen. Die \nGew\u00e4hrleistungsfrist entspricht den gesetzlichen Bestimmungen. \n<\/p>\n\n\n\n<p>(2) CFE-Sauerland leistet zun\u00e4chst nach ihrer Wahl die Gew\u00e4hr durch Nachbesserung oder Ersatzlieferung (Nacherf\u00fcllung). Der Kunde hat zwei Nacherf\u00fcllungsversuche wegen desselben Mangels zu dulden. Scheitert die Nacherf\u00fcllung, kann der Kunde nach seiner Wahl Herabsetzung der Verg\u00fctung (Minderung) oder R\u00fcckg\u00e4ngigmachung des Vertrages (R\u00fccktritt) verlangen. Das R\u00fccktrittsrecht ist jedoch f\u00fcr nur geringf\u00fcgige Vertragswidrigkeiten (Pflichtverletzungen), insbesondere f\u00fcr nur geringf\u00fcgige Mengenabweichungen oder M\u00e4ngel, ausgeschlossen. Der Kunde hat CFE-Sauerland bei der Fehlerbeseitigung im Rahmen des ihm Zumutbaren zu unterst\u00fctzen.<\/p>\n\n\n\n<p>(3) W\u00e4hlt der Kunde nach gescheiterter Nacherf\u00fcllung den R\u00fccktritt vom Vertrag, steht ihm daneben kein Schadenersatzanspruch wegen des ger\u00fcgten Mangels gegen CFE-Sauerland zu.<\/p>\n\n\n\n<p>(4) M\u00e4ngel oder Besch\u00e4digungen, die auf schuldhafte oder unsachgem\u00e4\u00dfe Behandlung oder unsachgem\u00e4\u00dfen Einbau sowie Verwendung ungeeigneten Zubeh\u00f6rs oder \u00c4nderungen der Originalteile durch den Kunden oder einem von der Firma CFE-Sauerland nicht beauftragten Dritten zur\u00fcckzuf\u00fchren sind, sind von der Gew\u00e4hrleistung ausgeschlossen. Nat\u00fcrlicher Verschlei\u00df ist von der Gew\u00e4hrleistung ebenfalls ausgeschlossen.<\/p>\n\n\n\n<p>(5) Zeigt sich ein Mangel erst sp\u00e4ter als 2 Jahre seit \u00dcbergabe, so hat der Kunde den Nachweis zu f\u00fchren, dass die Sache bei Gefahr\u00fcbergang mangelhaft war. Andernfalls steht es CFE-Sauerland frei, den Nachweis zu f\u00fchren, dass die Sache bei \u00dcbergabe keine Sachm\u00e4ngel aufwies.<\/p>\n\n\n\n<p>(6) Zugesicherte Eigenschaften sind nur diejenigen, die als solche bezeichnet sind. Die Zusicherung gilt l\u00e4ngstens bis zum Ablauf der Gew\u00e4hrleistungsfrist. Sind die zugesicherten Eigenschaften nicht oder nur teilweise erf\u00fcllt, hat der Kunde zun\u00e4chst Anspruch auf unverz\u00fcgliche Nachbesserung durch CFE-Sauerland.<\/p>\n\n\n\n<p>(7) Ist CFE-Sauerland auf Grund einer Fehlermeldung des Kunden t\u00e4tig geworden, ohne dass ein Fehler vorlag, oder ist CFE-Sauerland f\u00fcr eine vorgenommene Fehlerbeseitigung nicht gew\u00e4hrleistungspflichtig gewesen, kann CFE-Sauerland vom Kunden die Verg\u00fctung ihres damit verbundenen Aufwandes auf der Grundlage der zum Zeitpunkt der Leistungsbewirkung g\u00fcltigen CFE-Sauerland &#8211; Preisliste verlangen.<\/p>\n\n\n\n<p><strong>8) Gew\u00e4hrleistungsausschluss<\/strong><\/p>\n\n\n\n<p>(1) Die \u00dcberpr\u00fcfung der Kompatibilit\u00e4t von unseren Produkten mit uns fremden Modellen und Sendern obliegt dem Kunden. \n<\/p>\n\n\n\n<p>(2) Wenn CFE-Sauerland den Zusammenbau von Modellen \u00fcbernimmt, ist der Kunde die Person, die dieses Modell in Verkehr bringt. Die Pr\u00fcfung der Konformit\u00e4t obliegt dem Kunden.\u00a0<\/p>\n\n\n\n<p><strong>9) Widerrufsrecht \/ R\u00fcckgaberecht<\/strong><\/p>\n\n\n\n<p>Aufgrund des gesetzlichen Widerrufsrechts des Kunden kommt durch die Bestellung und deren Annahme seitens CFE-Sauerland zun\u00e4chst ein schwebend wirksames Vertragsverh\u00e4ltnis zustande. Der Kunde kann seine Vertragserkl\u00e4rung innerhalb von 14 Tagen ohne Angaben von Gr\u00fcnden in Textform (z.B. Brief,\u00a0 e-Mail) oder durch R\u00fccksendung der Kaufsache widerrufen. Die Frist beginnt mit Eingang der Ware beim Kunden, fr\u00fchestens jedoch mit Erhalt dieser Belehrung. Zur Wahrung der Widerrufsfrist gen\u00fcgt die rechtzeitige Absendung des Widerrufes oder der Ware an CFE-Sauerland. Die Ware muss in ordnungsgem\u00e4\u00dfem Zustand, ohne Gebrauchsspuren, mit der Originalrechnung, in der Originalverpackung und frei von Rechten Dritter an die Firma CFE-Sauerland zur\u00fcckgeschickt werden. Das Widerrufsrecht \/ R\u00fcckgaberecht ist ausgeschlossen, soweit Waren nach Wunsch des Kunden angefertigt worden sind.<\/p>\n\n\n\n<p><strong>10) Widerrufsfolgen \/ R\u00fcckgabefolgen<\/strong><\/p>\n\n\n\n<p>(1) Die R\u00fccksendekosten tr\u00e4gt der Kunde.\n<\/p>\n\n\n\n<p>(2) Im Falle eines wirksamen Widerrufs sind die beiderseits \nempfangenen Leistungen zur\u00fcckzugew\u00e4hren und ggf. gezogene Nutzungen \nherauszugeben. Der Besteller hat die Kosten einer Wertminderung zu \ntragen, wenn diese nicht ausschlie\u00dflich auf die Pr\u00fcfung der bestellten \nWare zur\u00fcckzuf\u00fchren ist, wie sie ihm etwa im Ladengesch\u00e4ft m\u00f6glich \ngewesen w\u00e4re. Der Besteller kann im Falle einer R\u00fccksendung (im Rahmen \nder 2 Wochen) diese Kosten vermeiden, indem er die Ware nicht wie ein \nEigent\u00fcmer in Gebrauch nimmt und alles unterl\u00e4sst, was deren Wert \nbeeintr\u00e4chtigt.\n<\/p>\n\n\n\n<p>(3) Der Kaufvertrag wird nach Eingang des Widerrufs aufgel\u00f6st. \nDer bereits bezahlte Kaufpreis wird innerhalb von 14 Tagen per \n\u00dcberweisung erstattet.\n<\/p>\n\n\n\n<p>(4) Falls die von Ihnen zur\u00fcckgesandte Ware Besch\u00e4digungen \naufweisen sollte, berechtigt uns das zum Geltendmachen von \nErsatzanspr\u00fcchen. \n<\/p>\n\n\n\n<p><strong>11) Eigentumsvorbehalt<\/strong><\/p>\n\n\n\n<p>Die gelieferten Waren bleiben bis zur vollst\u00e4ndigen Bezahlung Eigentum von CFE-Sauerland.<\/p>\n\n\n\n<p><strong>12) Datenschutz<\/strong><\/p>\n\n\n\n<p>Wir versichern Ihnen, die von Ihnen uns \u00fcberlassenen Daten vertraulich zu behandeln und nur im Rahmen der datenschutzrechtlichen Bestimmungen zu nutzen. Indem Sie die Bestellung an uns abgeben, erkl\u00e4ren Sie sich damit einverstanden, dass die von Ihnen \u00fcbermittelten Informationen durch CFE-Sauerland gespeichert werden und zum Zwecke der Erbringung der Leistung sowie zur Abrechnung verarbeitet und genutzt werden. Eine Weitergabe Ihrer Daten an andere Dienstanbieter findet nicht statt. Sie haben das Recht, diese Zustimmung zur Datenverarbeitung jederzeit mit Wirkung f\u00fcr die Zukunft zu widerrufen.<\/p>\n\n\n\n<p><strong>13) Haftungsausschluss<\/strong><\/p>\n\n\n\n<p>(1) Wir \u00fcben bei  der Erstellung des Produktes gr\u00f6\u00dfte Sorgfalt aus. Jedes Produkt verl\u00e4sst  getestet und funktionsf\u00e4hig unser Haus. Dennoch k\u00f6nnen wir keine Haftung  f\u00fcr Transportsch\u00e4den, die Richtigkeit des Einbaus und die Vertr\u00e4glichkeit \/  Kompatibilit\u00e4t mit uns fremden Modellen und Sendern \u00fcbernehmen.  <\/p>\n\n\n\n<p>(2) Ferner unterliegen mittelbare Sch\u00e4den, Funkst\u00f6rungen und Mangelfolgesch\u00e4den nicht unserer Haftung. \n<\/p>\n\n\n\n<p>(3) Dar\u00fcber hinaus ist die Haftung aus dem gesamten Vertragsverh\u00e4ltnis auf Vorsatz und grobe Fahrl\u00e4ssigkeit beschr\u00e4nkt. \n<\/p>\n\n\n\n<p>(4) CFE-Sauerland haftet nicht f\u00fcr auftretende M\u00e4ngel, die im Zusammenhang mit einer durch den Kunden vorgenommenen oder sonst veranlassten \u00c4nderung des Produktes, falschen Einbau oder sonstigen Fremdeinfl\u00fcssen stehen. Es obliegt dem Kunden nachzuweisen, dass auftretende M\u00e4ngel nicht kausal auf einer \u00c4nderung des Produktes oder sonstigen Fremdeinfl\u00fcssen beruhen.<\/p>\n\n\n\n<p>(5) In jedem Falle ist die Haftung auf den Betrag beschr\u00e4nkt, den Sie f\u00fcr den Erhalt der betreffenden Ware gezahlt haben. \n<\/p>\n\n\n\n<p><strong>14) Gerichtsstand, Erf\u00fcllungsort, anwendbares Recht<\/strong><\/p>\n\n\n\n<p>Gerichtsstand und Erf\u00fcllungsort f\u00fcr alle Rechtsstreitigkeiten ist Meschede. Es gilt die ausschlie\u00dfliche Verwendung  deutschen Rechts.  <\/p>\n\n\n\n<p><strong>15) Salvatorische Klausel<\/strong><\/p>\n\n\n\n<p>Sollten \neinzelne dieser Bestimmungen \u2013 gleich aus welchem Grund \u2013 nicht zur \nAnwendung gelangen, so wird dadurch die Wirksamkeit der \u00fcbrigen \nBestimmungen nicht ber\u00fchrt.\n<\/p>\n\n\n\n<p>Unwirksame Bestimmungen werden durch die entsprechende gesetzliche Bestimmung ersetzt. \n<\/p>\n\n\n\n<p><strong>Stand der AGB: 11. April 2025<\/strong><\/p>\n","protected":false},"excerpt":{"rendered":"<p>Allgemeine Gesch\u00e4ftsbedingungen von CFE-Sauerland Ihr Kaufvertrag kommt zustande mit CFE-Sauerland, Heidering 15 D-59872 Meschede Gesch\u00e4ftsinhaber: C. Feldmann Steuernummer: 334 \/ 5022 \/ 1803 1) Geltungsbereich (1) CFE-Sauerland f\u00fchrt Ihre Bestellungen auf der Grundlage der nachfolgenden Allgemeinen Gesch\u00e4ftsbedingungen durch. (2) Die AGB gelten f\u00fcr alle Bestellungen und werden mit jeder Bestellung, in der zu diesem Zeitpunkt &hellip; <\/p>\n<p class=\"link-more\"><a href=\"https:\/\/momo-sauerland.de\/index.php\/agbs\/\" class=\"more-link\"><span class=\"screen-reader-text\">\u201eAGB\u201c<\/span> weiterlesen<\/a><\/p>\n","protected":false},"author":1,"featured_media":0,"parent":0,"menu_order":0,"comment_status":"closed","ping_status":"closed","template":"","meta":{"footnotes":""},"class_list":["post-435","page","type-page","status-publish","hentry"],"_links":{"self":[{"href":"https:\/\/momo-sauerland.de\/index.php\/wp-json\/wp\/v2\/pages\/435","targetHints":{"allow":["GET"]}}],"collection":[{"href":"https:\/\/momo-sauerland.de\/index.php\/wp-json\/wp\/v2\/pages"}],"about":[{"href":"https:\/\/momo-sauerland.de\/index.php\/wp-json\/wp\/v2\/types\/page"}],"author":[{"embeddable":true,"href":"https:\/\/momo-sauerland.de\/index.php\/wp-json\/wp\/v2\/users\/1"}],"replies":[{"embeddable":true,"href":"https:\/\/momo-sauerland.de\/index.php\/wp-json\/wp\/v2\/comments?post=435"}],"version-history":[{"count":12,"href":"https:\/\/momo-sauerland.de\/index.php\/wp-json\/wp\/v2\/pages\/435\/revisions"}],"predecessor-version":[{"id":870,"href":"https:\/\/momo-sauerland.de\/index.php\/wp-json\/wp\/v2\/pages\/435\/revisions\/870"}],"wp:attachment":[{"href":"https:\/\/momo-sauerland.de\/index.php\/wp-json\/wp\/v2\/media?parent=435"}],"curies":[{"name":"wp","href":"https:\/\/api.w.org\/{rel}","templated":true}]}}