{"id":3,"date":"2019-11-21T18:40:42","date_gmt":"2019-11-21T18:40:42","guid":{"rendered":"http:\/\/momo.strenger.online\/?page_id=3"},"modified":"2025-04-10T20:39:34","modified_gmt":"2025-04-10T19:39:34","slug":"privacy-policy","status":"publish","type":"page","link":"https:\/\/momo-sauerland.de\/index.php\/privacy-policy\/","title":{"rendered":"Datenschutz"},"content":{"rendered":"\n<h2 class=\"wp-block-heading\">\n\t\t\t\tDatenschutz\n\t\t\t<\/h2>\n\n\n\n<p><strong>Datenschutzerkl\u00e4rung f\u00fcr die Firma CFE-Sauerland<\/strong><\/p>\n\n\n\n<p>Diese\n Datenschutzerkl\u00e4rung gilt f\u00fcr das Internet-Angebot \n<\/p>\n\n\n\n<p>. Diese ist f\u00fcr die Inhalte dieses \nInternet-Angebots verantwortlich. \n<\/p>\n\n\n<p>www.momo-sauerland.de<\/p>\n\n\n\n<p><strong>Links zu anderen Webseiten<\/strong><\/p>\n\n\n\n<p>Unser \nInternet-Angebot enth\u00e4lt Verweise zu Inhalten anderer Anbieter. Diese \nsind durch die Angabe expliziter Links (z. B. www\u2026..de), anhand \nentsprechender Hinweise im Text oder durch die Kennzeichnung erkennbar. \nAu\u00dferdem werden externe Verweise in einem eigenen Browserfenster \nge\u00f6ffnet. Die Nutzung dieser fremden Inhalte unterliegt gegebenenfalls \nanderen Vorgaben als den hier dargestellten.\n<\/p>\n\n\n\n<p><strong>Cookies<\/strong><\/p>\n\n\n\n<p>In bestimmten F\u00e4llen werden \nso genannte tempor\u00e4re Cookies verwendet. Diese enthalten keine \npersonenbezogenen Daten und werden nach Ablauf der Sitzung mit dem \nSchlie\u00dfen Ihres Web-Browsers automatisch gel\u00f6scht.\n<\/p>\n\n\n\n<p>Im Fall einer Verlinkung k\u00f6nnen Cookies von \nDrittanbietern zum Einsatz kommen, ohne dass wir Sie ausdr\u00fccklich darauf\n hinweisen k\u00f6nnen. Die g\u00e4ngigen Browser erlauben es, die Verarbeitung \nsolcher Cookies festzulegen, so dass Sie das Speichern dieser Cookies \ndeaktivieren bzw. die Art der Verarbeitung durch Ihren Browser \neinstellen k\u00f6nnen.\n<\/p>\n\n\n\n<p><strong>Erhebung personenbezogener Daten in Online-Formularen<\/strong><\/p>\n\n\n\n<p>Soweit\n wir Sie im Rahmen dieses Angebots um die Angabe personenbezogener Daten\n bitten (z. B. Name, Anschrift, Telefonnummer, Handynummer oder \nE-Mail-Adresse), dienen diese dem Zweck der Beratung \u00fcber Produkte oder \nf\u00fcr deren Bestellung. Diese Daten werden nicht weiter geleitet. Sie \nwerden f\u00fcr den Beratungs- und ggf. Bestellvorgang gespeichert. Die Daten\n werden f\u00fcr sp\u00e4tere Bestellungen gespeichert. Es unterliegt Ihrer freien\n Entscheidung, ob Sie diese Daten angeben. \n<\/p>\n\n\n\n<p><strong>Auskunftsrechte<\/strong><\/p>\n\n\n\n<p>Auskunftsrechte \nk\u00f6nnen schriftlich oder per E-Mail gegen\u00fcber den im Impressum genannten \nStellen geltend gemacht werden. Dies gilt auch f\u00fcr Widerspr\u00fcche zu einer\n erteilten Einwilligungserkl\u00e4rung. \n<\/p>\n\n\n\n<p><strong>Verschl\u00fcsselung<\/strong><\/p>\n\n\n\n<p>Dieses Angebot \nunterst\u00fctzt den gesicherten Zugriff \u00fcber das HTTPS\/SSL-Protokoll sowie \ndie Verschl\u00fcsselung von E-Mails mit PGP\/GnuPG. \n<\/p>\n\n\n\n<p> Verantwortlich f\u00fcr die Datenverarbeitung ist: <\/p>\n\n\n\n<p>Unternehmen: CFE-Sauerland <\/p>\n\n\n\n<p> Adresse: Heidering 15, 59872 Meschede<\/p>\n\n\n\n<p>Telefon: 0291 \/ 2025634<\/p>\n\n\n\n<p> In unserem Bundesland ist in allen Datenschutzangelegenheiten Ansprechpartner: <\/p>\n\n\n\n<figure class=\"wp-block-table\"><table><tbody><tr><th>Die Landesbeauftragte f\u00fcr Datenschutz und \t\t\tInformationsfreiheit Nordrhein-Westfalen<\/th><\/tr><tr><td>Anschrift:<\/td><td>Postfach 20 04 44, 40102 D\u00fcsseldorf<br>Kavalleriestra\u00dfe 2-4, \t\t\t40213 D\u00fcsseldorf<\/td><\/tr><tr><td>Telefon:<\/td><td>0211 38424 &#8211; 0<\/td><\/tr><tr><td>Telefax:<\/td><td>0211 38424 &#8211; 10<\/td><\/tr><tr><td>E-Mail:<\/td><td><a href=\"http:\/\/poststelle@ldi.nrw.de\/\" target=\"_blank\" rel=\"noreferrer noopener\">poststelle@ldi.nrw.de<\/a><\/td><\/tr><tr><td>Internet:<\/td><td><a href=\"http:\/\/www.ldi.nrw.de\/\" target=\"_blank\" rel=\"noreferrer noopener\">http:\/\/www.ldi.nrw.de<\/a><\/td><\/tr><\/tbody><\/table><\/figure>\n\n\n\n<p>Wir\n messen dem Datenschutz gro\u00dfe Bedeutung bei. Die Erhebung und \nVerarbeitung Ihrer personenbezogenen Daten geschieht unter Beachtung der\n geltenden datenschutzrechtlichen Vorschriften, insbesondere der \nEU-Datenschutz-Grundverordnung (DSGVO). Diese Erkl\u00e4rung beschreibt, wie \nund zu welchem Zweck Ihre Daten erfasst und genutzt werden und welche \nWahlm\u00f6glichkeiten Sie im Zusammenhang mit pers\u00f6nlichen Daten haben.<\/p>\n\n\n\n<p>Durch\n Ihre Verwendung dieser Website stimmen Sie der Erfassung, Nutzung und \n\u00dcbertragung Ihrer Daten gem\u00e4\u00df dieser Datenschutzerkl\u00e4rung zu.<\/p>\n\n\n\n<ol class=\"wp-block-list\">\n<li><strong>Verantwortliche Stelle<\/strong><\/li>\n<\/ol>\n\n\n\n<p>Verantwortliche Stelle f\u00fcr die Erhebung und Nutzung Ihrer personenbezogenen Daten im Sinne der DSGVO ist<\/p>\n\n\n\n<p>Christian Feldmann<\/p>\n\n\n\n<p>Sofern\n Sie der Erhebung, Verarbeitung oder Nutzung Ihrer Daten durch uns nach \nMa\u00dfgabe dieser Datenschutzbestimmungen insgesamt oder f\u00fcr einzelnen \nMa\u00dfnahmen widersprechen wollen, k\u00f6nnen Sie Ihren Widerspruch an oben \ngenannte verantwortliche Stelle richten. Sie k\u00f6nnen diese \nDatenschutzerkl\u00e4rung jederzeit speichern und ausdrucken.<\/p>\n\n\n\n<ol class=\"wp-block-list\">\n<li><strong>Allgemeinde Nutzung der \tWebseite<\/strong><\/li>\n<\/ol>\n\n\n\n<p>Zugriffsdaten<\/p>\n\n\n\n<p>Im\n Internet werden technisch automatisch Informationen \u00fcber Sie gesammelt,\n wenn Sie diese Webseite nutzen. Zu den Zugriffsdaten geh\u00f6ren Name und \nURL der abgerufenen Datei, Datum und Uhrzeit des Abrufs, \u00fcbertragenen \nDatenmenge, Meldung \u00fcber erfolgreichen Abruf (http response code), \nBrowsertyp und Browserversion, Betriebssysten, Referrer URL (d.h. die \nzuvor besuchte Seite), IP-Adresse und der anfragende Provider, \nProtokolldaten entstehen ohne Zuordnung zu Ihrer Person oder sonstiger \nProfilerstellung.<\/p>\n\n\n\n<p>E-Mail Kontakt<\/p>\n\n\n\n<p>Wenn  Sie mit uns in Kontakt treten (z.B. per Kontaktformular oder E-Mail),  speichern wir Ihre Angaben. Weitere personenbezogene Daten speichern und  nutzen wir nur, wenn Sie dazu einwilligen oder dies ohne besondere  Einwilligung gesetzlich zul\u00e4ssig ist.<\/p>\n\n\n\n<p>Rechtsgrundlagen und Speicherdauer<\/p>\n\n\n\n<p>Rechtsgrundlage\n der Datenverarbeitung nach den vorstehenden Ziffern ist Art 6, Abs. 1 \nBuchstabe f DSGVO. Unsere Interessen an der Datenverarbeitung sind \ninsbesondere die Sicherstellung des Betriebes und der Sicherheit der \nWebseite, die Untersuchung der Art und Weise der Nutzung der Webseite \ndurch Besucher, und die Vereinfachung der Nutzung der Webseite.<\/p>\n\n\n\n<p>Sofern\n nicht spezifisch angegeben speichern wir personenbezogene Daten nur so \nlange, wie dies zur Erf\u00fcllung der verfolgten Zwecke notwendig ist.<\/p>\n\n\n\n<ol class=\"wp-block-list\">\n<li><strong>Ihre Rechte als von der \tDatenverarbeitung Betroffener<\/strong><\/li>\n<\/ol>\n\n\n\n<p>Nach\n den anwendbaren Gesetzen haben Sie verschiedene Rechte bez\u00fcglich Ihrer \npersonenbezogenen Daten. M\u00f6chten Sie diese Rechte geltend machen, so \nrichten Sie Ihre Anfrage bitte per E-Mail oder per Post unter \neindeutiger Identifizierung Ihrer Person an die Ziffer 1 genannte \nAdresse. Nachfolgend finden Sie eine \u00dcbersicht \u00fcber Ihre Rechte.<\/p>\n\n\n\n<p><strong>Recht auf Best\u00e4tigung und Auskunft<\/strong><\/p>\n\n\n\n<p>Sie\n haben jederzeit das Recht, von uns eine Best\u00e4tigung dar\u00fcber zu \nerhalten, ob Ihre Person betreffende personenbezogene Daten verarbeitet \nwerden. Ist dies der Fall, so haben Sie das Recht, von uns eine \nunentgeltliche Auskunft \u00fcber die zu Ihnen gespeicherten \npersonenbezogenen Daten nebst einer Kopie dieser Daten zu erlangen. Es \nbesteht ein Recht auf folgende Informationen:<\/p>\n\n\n\n<ul class=\"wp-block-list\">\n<li>die Verarbeitungszwecke;<\/li>\n\n\n\n<li>die Kategorien personenbezogener \tDaten, die verarbeitet werden;<\/li>\n\n\n\n<li>die<br> Empf\u00e4nger oder Kategorien von \tEmpf\u00e4ngern, gegen\u00fcber denen die <br>personenbezogenen Daten \toffengelegt worden sind oder noch offengelegt <br>werden, insbesondere \tbei Empf\u00e4ngern in Drittl\u00e4ndern oder bei <br>internationalen \tOrganisationen!<\/li>\n\n\n\n<li>falls<br> m\u00f6glich die geplante Dauer, \tf\u00fcr die die personenbezogenen Daten <br>gespeichert werden, oder, falls \tdies nicht m\u00f6glich ist, die Kriterien <br>f\u00fcr die Festlegung dieser \tDauer;<\/li>\n\n\n\n<li>das<br> Bestehen eines Rechts auf \tBerichtigung oder L\u00f6schung der Sie <br>betreffenden personenbezogenen \tDaten oder auf Einschr\u00e4nkung der <br>Verarbeitung durch den \tVerantwortlichen oder eines Widerspruchsrechts <br>gegen diese \tVerarbeitung;<\/li>\n\n\n\n<li>das Bestehen eines \tBeschwerderechts bei einer Aufsichtsbeh\u00f6rde;<\/li>\n\n\n\n<li>wenn die personenbezogenen Daten \tnicht bei Ihnen erhoben werden, alle verf\u00fcgbaren Information \u00fcber \tdie Herkunft der Daten;<\/li>\n\n\n\n<li>das<br> Bestehen einer automatisierten \tEntscheidungsfindung einschlie\u00dflich <br>Profiling gem\u00e4\u00df Artikel 22 \tAbs\u00e4tze 1 und 4 DSGVO und \u2013 zumindest in <br>diesen F\u00e4llen \u2013 \taussagekr\u00e4ftige Informationen \u00fcber die involvierte <br>Logik sowie die \tTragweite und die angestrebten Auswirkungen einer <br>derartigen \tVerarbeitung f\u00fcr Sie.<\/li>\n<\/ul>\n\n\n\n<p>Werden\n personenbezogene Daten an ein Drittland oder an eine internationale \nOrganisation \u00fcbermittelt, so haben Sie das Recht, \u00fcber die geeigneten \nGarantien gem\u00e4\u00df Artikel 46 DSGVO im Zusammenhang mit der \u00dcbermittlung \nunterrichtet zu werden.<\/p>\n\n\n\n<p><strong>Recht auf Berichtigung<\/strong><\/p>\n\n\n\n<p>Sie\n haben das Recht, von uns unverz\u00fcglich die Berichtigung Sie betreffender\n unrichtiger personenbezogener Daten zu verlangen. Unter \nBer\u00fccksichtigung der Zwecke haben Sie das Recht, die Vervollst\u00e4ndigung \nunvollst\u00e4ndiger personenbezogener Daten \u2013 auch mittels einer erg\u00e4nzenden\n Erkl\u00e4rung \u2013 zu verlangen.<\/p>\n\n\n\n<p>Recht auf L\u00f6schung (\u201eRecht auf Vergessenwerden\u201c)<\/p>\n\n\n\n<p>Sie\n haben das Recht, von uns zu verlangen, dass Sie betreffende \npersonenbezogene Daten unverz\u00fcglich gel\u00f6scht werden. Wir sind \nverpflichtet, personenbezogene Daten unverz\u00fcglich zu l\u00f6schen, sofern \neiner der folgen Gr\u00fcnde zutrifft:<\/p>\n\n\n\n<ul class=\"wp-block-list\">\n<li>Die<br> personenbezogenen Daten sind \tf\u00fcr die Zwecke, f\u00fcr die sie erhoben oder <br>auf sonstige Weise \tverarbeitet wurden, nicht mehr notwendig.<\/li>\n\n\n\n<li>Sie<br> widerrufen Ihre Einwilligung, \tauf die sich die Verarbeitung gem\u00e4\u00df <br>Artikel 6 Absatz 1 DGSVO \tBuchstabe a oder Artikel 9 Absatz 2 Buchstabe a<br> DSGVO st\u00fctzte, und \tes fehlt an einer anderweitigen Rechtsgrundlage f\u00fcr<br> die \tVerarbeitung.<\/li>\n\n\n\n<li>Sie legen &#8211;<br> gem\u00e4\u00df Artikel 21 \tAbsatz 1 DGSVO &#8211; Widerspruch gegen die Verarbeitung <br>ein und es \tliegen keine vorrangigen berechtigten Gr\u00fcnde f\u00fcr die <br>Verarbeitung \tvor, oder Sie legen gem\u00e4\u00df Artikel 21 DSGVO Widerspruch <br>gegen die \tVerarbeitung ein.<\/li>\n\n\n\n<li>Die personenbezogenen Daten wurden \tunrechtm\u00e4\u00dfig verarbeitet.<\/li>\n\n\n\n<li>Die<br> L\u00f6schung der \tpersonenbezogenen Daten ist zur Erf\u00fcllung einer <br>rechtlichen \tVerpflichtung nach dem Unionsrecht oder dem Recht der \t<br>Mitgliedstaaten erforderlich, dem wir unterliegen.<\/li>\n\n\n\n<li>Die<br> personenbezogenen Daten wurden \tin Bezug auf angebotene Dienste der <br>Informationsgesellschaft gem\u00e4\u00df \tArtikel 8 Absatz 1 DSGVO erhoben.<\/li>\n<\/ul>\n\n\n\n<p>Haben\n wir die personenbezogenen Daten \u00f6ffentlich gemacht und sind wir zu \nderen L\u00f6schung verpflichtet, so treffen wir unter Ber\u00fccksichtigung der \nverf\u00fcgbaren Technologie und der Implementierungskosten angemessene \nMa\u00dfnahmen, auch technischer Art, um f\u00fcr die Datenverarbeitung \nVerantwortliche, die die personenbezogenen Daten verarbeiten, dar\u00fcber zu\n informieren, dass Sie die L\u00f6schung aller Links zu diesen \npersonenbezogenen Daten verlangt haben.<\/p>\n\n\n\n<p><strong>Recht auf Einschr\u00e4nkung der Verarbeitung<\/strong><\/p>\n\n\n\n<p>Sie\n haben das Recht, von uns die Einschr\u00e4nkung der Verarbeitung zu \nverlangen, wenn eine der folgenden Voraussetzungen gegeben ist:<\/p>\n\n\n\n<ul class=\"wp-block-list\">\n<li>Die<br> Richtigkeit der \tpersonenbezogenen Daten wird von Ihnen bestritten, und<br> zwar f\u00fcr \teine Dauer, die es erm\u00f6glicht, die Richtigkeit der \t<br>personenbezogenen Daten zu \u00fcberpr\u00fcfen.<\/li>\n\n\n\n<li>Die<br> Verarbeitung unrechtm\u00e4\u00dfig \tist und Sie die L\u00f6schung der <br>personenbezogenen Daten ablehnten und \tstattdessen die Einschr\u00e4nkung der<br> Nutzung der personenbezogenen \tDaten verlangen.<\/li>\n\n\n\n<li>Wir<br> die personenbezogenen Daten \tf\u00fcr die Zwecke der Verarbeitung nicht <br>l\u00e4nger ben\u00f6tigen, Sie die \tDaten jedoch zur Geltendmachung, Aus\u00fcbung <br>oder Verteidigung von \tRechtsanspr\u00fcchen ben\u00f6tigten. Oder<\/li>\n\n\n\n<li>Sie<br> Widerspruch gegen die \tVerarbeitung gem\u00e4\u00df Artikel 21 Absatz 1 DSGVO <br>eingelegt haben, \tsolange noch nicht feststeht, ob die berechtigten <br>Gr\u00fcnde unseres \tUnternehmens gegen\u00fcber den Ihren \u00fcberwiegen.<\/li>\n<\/ul>\n\n\n\n<p><strong>Recht auf Daten\u00fcbertragbarkeit<\/strong><\/p>\n\n\n\n<p>Sie\n haben das Recht, die Sie betreffenden personenbezogenen Daten, die Sie \nuns bereitgestellt haben, in einem strukturierten, g\u00e4ngigen und \nmaschinenlesbaren Format zu erhalten, und Sie haben da Recht, diese \nDaten einem anderen Verantwortlichen ohne Behinderung durch uns zu \n\u00fcbermitteln, sofern<\/p>\n\n\n\n<ul class=\"wp-block-list\">\n<li>Die <br>Verarbeitung auf einer \tEinwilligung gem\u00e4\u00df Artikel 6 Absatz 1 Buchstabe a<br> DSGVO oder \tArtikel 9 Absatz 2 Buchstabe a DSGVO oder auf einem Vertrag<br> gem\u00e4\u00df \tArtikel 6 Absatz 1 Buchstabe b DSGVO beruht und<\/li>\n\n\n\n<li>die Verarbeitung mit Hilfe \tautomatisierter Verfahren erfolgt.<\/li>\n<\/ul>\n\n\n\n<p>Bei\n der Aus\u00fcbung Ihres Rechts auf Daten\u00fcbertragbarkeit gem\u00e4\u00df Absatz 1 haben\n Sie das Recht, zu erwirken, dass die personenbezogenen Daten direkt von\n uns einem anderen Verantwortlichen \u00fcbermittelt werden, soweit dies \ntechnisch ist.<\/p>\n\n\n\n<p><strong>Recht auf Widerspruch<\/strong><\/p>\n\n\n\n<p>Sie\n haben das Recht, aus Gr\u00fcnden, die sich aus Ihrer besonderen Situation \nergeben, jederzeit gegen die Verarbeitung Sie betreffender \npersonenbezogener Daten, die aufgrund von Artikel 6 Absatz 1 Buchstaben e\n oder f DSGVO erfolgt, Widerspruch einzulegen; dies gilt auch f\u00fcr ein \nauf diese Bestimmungen gest\u00fctztes Profiling. Wir verarbeiten die \npersonenbezogenen Daten nicht mehr, es sei denn, wir k\u00f6nnen zwingende \nschutzw\u00fcrdige Gr\u00fcnde f\u00fcr die Verarbeitung nachweisen, die Ihre \nInteressen, Rechte und Freiheiten \u00fcberwiegen. Oder die Verarbeitung \ndient der Geltendmachung, Aus\u00fcbung oder Verteidigung von \nRechtsanspr\u00fcchen.<\/p>\n\n\n\n<p>Werden\n personenbezogene Daten von uns verarbeitet, um Direktwerbung zu \nbetreiben, so haben Sie das Recht, jederzeit Widerspruch gegen die \nVerarbeitung Sie betreffender personenbezogener Daten zum Zwecke \nderartiger Werbung einzulegen. Dies gilt auch f\u00fcr das Profiling, soweit \nes mit solcher Direktwerbung in Verbindung steht. <\/p>\n\n\n\n<p>Sie\n haben das Recht, aus Gr\u00fcnden, die sich aus Ihrer besonderen Situation \nergeben, gegen die Sie betreffende Verarbeitung Sie betreffender \npersonenbezogener Daten, die zu wissenschaftlichen oder historischen \nForschungszwecken oder zu statistischen Zwecken gem\u00e4\u00df Artikel 89 Absatz1\n DSGVO erfolgt, Widerspruch einzulegen, es sei denn, die Verarbeitung \nist zur Erf\u00fcllung einer im \u00f6ffentlichen Interesse liegenden Aufgabe \nerforderlich.<\/p>\n\n\n\n<p><strong>Recht auf Widerruf einer datenschutzrechtlichen Einwilligung<\/strong><\/p>\n\n\n\n<p>Sie haben das Recht, eine Einwilligung zur Verarbeitung personenbezogener Daten jederzeit zu widerrufen.<\/p>\n\n\n\n<p>Recht auf Beschwerde bei einer Aufsichtsbeh\u00f6rde<\/p>\n\n\n\n<p>Sie\n haben das Recht auf Beschwerde bei einer Aufsichtsbeh\u00f6rde, insbesondere\n in dem Mitgliedstaat eines Aufenthaltsortes, ihres Arbeitsplatzes oder \ndes Ortes des mutma\u00dflichen Versto\u00dfes, Sie der Ansicht sind, dass die \nVerarbeitung der Sie betreffenden personenbezogenen Daten rechtswidrig \nist.<\/p>\n\n\n\n<ol class=\"wp-block-list\">\n<li><strong>Datensicherheit<\/strong><\/li>\n<\/ol>\n\n\n\n<p>Wir sind um die Sicherheit Ihrer Daten im Rahmen der geltenden Datenschutzgesetze und technischen M\u00f6glichkeiten maximal bem\u00fcht.<\/p>\n\n\n\n<p>Ihre\n pers\u00f6nlichen Daten werden bei uns im E-Mail-Verkehr verschl\u00fcsselt \n\u00fcbertragen. Wir weisen jedoch daraufhin, dass die Daten\u00fcbertragung im \nInternet Sicherheitsl\u00fccken aufweisen kann. Ein l\u00fcckenloser Schutz der \nDaten vor dem Zugriff durch Dritte ist nicht m\u00f6glich.<\/p>\n\n\n\n<p>Zur\n Sicherung Ihrer Daten unterhalten wir technische und organisatorische \nSicherungsma\u00dfnahmen, die wir immer wieder dem Stand der Technik \nanpassen.<\/p>\n\n\n\n<p>Wir \ngew\u00e4hrleisten au\u00dferdem nicht, dass unser Angebot zu bestimmten Zeiten \nzur Verf\u00fcgung steht; St\u00f6rungen, Unterbrechungen oder Ausf\u00e4lle k\u00f6nnen \nnicht ausgeschlossen werden. Die von uns verwendeten Server werden \nregelm\u00e4\u00dfig sorgf\u00e4ltig gesichert.<\/p>\n\n\n\n<ol class=\"wp-block-list\">\n<li><strong>Weitergabe von Daten an Dritte, \tkeine Daten\u00fcbertagung ins Nicht-EU-Ausland<\/strong><\/li>\n<\/ol>\n\n\n\n<p> Grunds\u00e4tzlich verwenden wir Ihre personenbezogenen Daten nur innerhalb unseres Unternehmens.<\/p>\n\n\n\n<p>Wenn\n und soweit wir Dritte im Rahmen der Erf\u00fcllung von Vertr\u00e4gen einschalten\n (etwa Logistik-Dienstleister) erhalten diese personenbezogene Daten nur\n in dem Umfang, in welchem die \u00dcbermittlung f\u00fcr die entsprechende \nLeistung erforderlich ist.<\/p>\n\n\n\n<p>F\u00fcr\n den Fall, dass wir bestimmte Teile der Datenverarbeitung auslagern \n(\u201eAuftragsverarbeitung\u201c), verpflichten wir Auftragsverarbeiter \nvertraglich dazu, personenbezogene Daten nur im Einklang mit den \nAnforderungen Datens<\/p>\n\n\n\n<p><\/p>\n\n\n\n<h3 class=\"wp-block-heading\"><\/h3>\n","protected":false},"excerpt":{"rendered":"<p>Datenschutz Datenschutzerkl\u00e4rung f\u00fcr die Firma CFE-Sauerland Diese Datenschutzerkl\u00e4rung gilt f\u00fcr das Internet-Angebot . Diese ist f\u00fcr die Inhalte dieses Internet-Angebots verantwortlich. Links zu anderen Webseiten Unser Internet-Angebot enth\u00e4lt Verweise zu Inhalten anderer Anbieter. Diese sind durch die Angabe expliziter Links (z. B. www\u2026..de), anhand entsprechender Hinweise im Text oder durch die Kennzeichnung erkennbar. Au\u00dferdem werden &hellip; <\/p>\n<p class=\"link-more\"><a href=\"https:\/\/momo-sauerland.de\/index.php\/privacy-policy\/\" class=\"more-link\"><span class=\"screen-reader-text\">\u201eDatenschutz\u201c<\/span> weiterlesen<\/a><\/p>\n","protected":false},"author":1,"featured_media":0,"parent":0,"menu_order":0,"comment_status":"closed","ping_status":"open","template":"","meta":{"footnotes":""},"class_list":["post-3","page","type-page","status-publish","hentry"],"_links":{"self":[{"href":"https:\/\/momo-sauerland.de\/index.php\/wp-json\/wp\/v2\/pages\/3","targetHints":{"allow":["GET"]}}],"collection":[{"href":"https:\/\/momo-sauerland.de\/index.php\/wp-json\/wp\/v2\/pages"}],"about":[{"href":"https:\/\/momo-sauerland.de\/index.php\/wp-json\/wp\/v2\/types\/page"}],"author":[{"embeddable":true,"href":"https:\/\/momo-sauerland.de\/index.php\/wp-json\/wp\/v2\/users\/1"}],"replies":[{"embeddable":true,"href":"https:\/\/momo-sauerland.de\/index.php\/wp-json\/wp\/v2\/comments?post=3"}],"version-history":[{"count":6,"href":"https:\/\/momo-sauerland.de\/index.php\/wp-json\/wp\/v2\/pages\/3\/revisions"}],"predecessor-version":[{"id":877,"href":"https:\/\/momo-sauerland.de\/index.php\/wp-json\/wp\/v2\/pages\/3\/revisions\/877"}],"wp:attachment":[{"href":"https:\/\/momo-sauerland.de\/index.php\/wp-json\/wp\/v2\/media?parent=3"}],"curies":[{"name":"wp","href":"https:\/\/api.w.org\/{rel}","templated":true}]}}