{"id":430,"date":"2020-03-04T15:27:07","date_gmt":"2020-03-04T14:27:07","guid":{"rendered":"http:\/\/momo-sauerland.de\/?page_id=430"},"modified":"2025-10-23T21:35:13","modified_gmt":"2025-10-23T20:35:13","slug":"impressum","status":"publish","type":"page","link":"http:\/\/momo-sauerland.de\/index.php\/impressum\/","title":{"rendered":"Impressum"},"content":{"rendered":"\n<p>Christian Feldmann<\/p>\n\n\n\n<p>Heidering 15<br><\/p>\n\n\n\n<p>D-59872 Meschede \n<\/p>\n\n\n\n<p>Tel.:&nbsp;&nbsp;&nbsp;+49 291 2025634<\/p>\n\n\n\n<p>Mobil: +49 171 780 7434<\/p>\n\n\n\n<p>Steuernummer: 334 \/ 5022 \/ 1803\n<\/p>\n\n\n\n<p>WEEEE-Reg.-Nr. DE: 13186481<\/p>\n\n\n\n<p><a href=\"http:\/\/momo.tsmw.de\/cms2\/typo3\/sysext\/cms\/layout\/db_layout.php?id=3#\">Bei Fragen stehen wir telefonisch von Montag bis Freitag von 17 bis 20 Uhr zur Verf\u00fcgun<\/a>g.<\/p>\n\n\n\n<p><strong>1. Haftung f\u00fcr Inhalte<\/strong><\/p>\n\n\n\n<p>Die\n Inhalte unserer Seiten wurden mit gr\u00f6\u00dfter Sorgfalt erstellt. F\u00fcr die \nRichtigkeit, Vollst\u00e4ndigkeit und Aktualit\u00e4t der Inhalte k\u00f6nnen wir \njedoch keine Gew\u00e4hr \u00fcbernehmen. \n<\/p>\n\n\n\n<p>Als Diensteanbieter sind wir gem\u00e4\u00df \u00a7 6 Abs.1 MDStV \nund \u00a7 8 Abs.1 TDG f\u00fcr eigene Inhalte auf diesen Seiten nach den \nallgemeinen Gesetzen verantwortlich. Diensteanbieter sind jedoch nicht \nverpflichtet, die von ihnen \u00fcbermittelten oder gespeicherten fremden \nInformationen zu \u00fcberwachen oder nach Umst\u00e4nden zu forschen, die auf \neine rechtswidrige T\u00e4tigkeit hinweisen. Verpflichtungen zur Entfernung \noder Sperrung der Nutzung von Informationen nach den allgemeinen \nGesetzen bleiben hiervon unber\u00fchrt. Eine diesbez\u00fcgliche Haftung ist \njedoch erst ab dem Zeitpunkt der Kenntnis einer konkreten \nRechtsverletzung m\u00f6glich. Bei bekannt werden von entsprechenden \nRechtsverletzungen werden wir diese Inhalte umgehend entfernen.\n<\/p>\n\n\n\n<p><strong>2. Haftung f\u00fcr Links<\/strong><\/p>\n\n\n\n<p>Mit \nUrteil vom 12. Mai 1998 hat das Landgericht Hamburg entschieden, da\u00df man\n durch die Ausbringung eines Links die Inhalte der gelinkten Seite ggf. \nmit zu verantworten hat. Dies kann, so das LG, nur dadurch verhindert \nwerden, indem man sich ausdr\u00fccklich von diesen Inhalten distanziert. \n<\/p>\n\n\n\n<p>Auch die Pr\u00e4senz momo-sauerland.de hat auf ihre \nSeite Links zu anderen Seiten im Internet gelegt. F\u00fcr alle diese Links \ngilt, da\u00df wir keinerlei Einflu\u00df auf die Gestaltung und die Inhalte der \ngelinkten Seiten haben. Deshalb distanzieren wir uns hiermit \nausdr\u00fccklich von allen Inhalten aller gelinkten Seiten auf unserer \nInternetpr\u00e4senz und machen uns diese Inhalte nicht zu Eigen. Diese \nErkl\u00e4rung gilt f\u00fcr alle auf unserer Internetpr\u00e4senz angezeigten Links \nund f\u00fcr alle Inhalte der Seiten, zu denen die bei uns angemeldeten \nBanner und Links f\u00fchren.\n<\/p>\n\n\n\n<p>Die verlinkten Seiten wurden zum Zeitpunkt der \nVerlinkung auf m\u00f6gliche Rechtsverst\u00f6\u00dfe \u00fcberpr\u00fcft. Rechtswidrige Inhalte \nwaren zum Zeitpunkt der Verlinkung nicht erkennbar. Eine permanente \ninhaltliche Kontrolle der verlinkten Seiten ist jedoch ohne konkrete \nAnhaltspunkte einer Rechtsverletzung nicht zumutbar. Bei bekannt werden \nvon Rechtsverletzungen werden wir derartige Links umgehend entfernen. \n<\/p>\n\n\n\n<p><strong>3. Warenzeichen\/Trademarks <\/strong><\/p>\n\n\n\n<p>Die\n Warenzeichen, Produktnamen und Firmennamen bzw. -logos der angebotenen \nProdukte sind das Alleineigentum der jeweiligen Besitzer. Alle Rechte \nvorbehalten! \n<\/p>\n\n\n\n<p><strong>4. Urheberrecht <\/strong><\/p>\n\n\n\n<p>Die \nBetreiber der Seiten sind bem\u00fcht, stets die Urheberrechte anderer zu \nbeachten bzw. auf selbst erstellte sowie lizenzfreie Werke \nzur\u00fcckzugreifen.\n<\/p>\n\n\n\n<p>Die durch die Seitenbetreiber erstellten Inhalte und\n Werke auf diesen Seiten unterliegen dem deutschen Urheberrecht. \nBeitr\u00e4ge Dritter sind als solche gekennzeichnet. Die Vervielf\u00e4ltigung, \nBearbeitung, Verbreitung und jede Art der Verwertung au\u00dferhalb der \nGrenzen des Urheberrechtes bed\u00fcrfen der schriftlichen Zustimmung des \njeweiligen Autors bzw. Erstellers. Downloads und Kopien dieser Seite \nsind nur f\u00fcr den privaten, nicht kommerziellen Gebrauch gestattet.\n<\/p>\n\n\n\n<p><strong>5. Datenschutz <\/strong><\/p>\n\n\n\n<p> Verantwortlich f\u00fcr die Datenverarbeitung ist:  <\/p>\n\n\n\n<p>Firma: CFE-Sauerland<br><\/p>\n\n\n\n<p> Adresse: Heidering 15, 59872 Meschede<\/p>\n\n\n\n<p>Telefon: 0291 \/ 2025634<\/p>\n\n\n\n<p> In unserem Bundesland ist in allen Datenschutzangelegenheiten Ansprechpartner:  <\/p>\n\n\n\n<figure class=\"wp-block-table\"><table><tbody><tr><th>Die Landesbeauftragte f\u00fcr Datenschutz und \t\t\tInformationsfreiheit Nordrhein-Westfalen<\/th><\/tr><tr><td>Anschrift:<\/td><td>Postfach 20 04 44, 40102 D\u00fcsseldorf<br>Kavalleriestra\u00dfe 2-4, \t\t\t40213 D\u00fcsseldorf<\/td><\/tr><tr><td>Telefon:<\/td><td>0211 38424 &#8211; 0<\/td><\/tr><tr><td>Telefax:<\/td><td>0211 38424 &#8211; 10<\/td><\/tr><tr><td>E-Mail:<\/td><td><a href=\"http:\/\/ldi.nrw.de\/\" target=\"_blank\" rel=\"noreferrer noopener\">poststelle@ldi.nrw.de<\/a><\/td><\/tr><tr><td>Internet:<\/td><td><a href=\"http:\/\/www.ldi.nrw.de\/\" target=\"_blank\" rel=\"noreferrer noopener\">http:\/\/www.ldi.nrw.de<\/a><\/td><\/tr><\/tbody><\/table><\/figure>\n\n\n\n<p>Soweit\n auf unseren Seiten personenbezogene Daten (beispielsweise Name, \nAnschrift oder eMail-Adressen) erhoben werden, erfolgt dies soweit \nm\u00f6glich stets auf freiwilliger Basis. Die Nutzung der Angebote und \nDienste ist, soweit m\u00f6glich, stets ohne Angabe personenbezogener Daten \nm\u00f6glich.\n<\/p>\n\n\n\n<p>Der Nutzung von im Rahmen der Impressumspflicht \nver\u00f6ffentlichten Kontaktdaten durch Dritte zur \u00dcbersendung von nicht \nausdr\u00fccklich angeforderter Werbung und Informationsmaterialien wird \nhiermit ausdr\u00fccklich widersprochen. Die Betreiber der Seiten behalten \nsich ausdr\u00fccklich rechtliche Schritte im Falle der unverlangten \nZusendung von Werbeinformationen, etwa durch Spam-Mails, vor.\n<\/p>\n\n\n\n<p><strong>6. Rechtswirksamkeit dieses Haftungsausschlusses<\/strong><\/p>\n\n\n\n<p>Dieser\n Haftungsausschluss ist als Teil des Internetangebotes zu betrachten, \nvon dem aus auf diese Seite verwiesen wurde. Sofern Teile oder einzelne \nFormulierungen dieses Textes der geltenden Rechtslage nicht, nicht mehr \noder nicht vollst\u00e4ndig entsprechen sollten, bleiben die \u00fcbrigen Teile \ndes Dokumentes in ihrem Inhalt und ihrer G\u00fcltigkeit davon unber\u00fchrt.\n<\/p>\n\n\n\n<p><strong>7.&nbsp;Verletzung Rechte Dritter<\/strong><\/p>\n\n\n\n<p>Sollte\n der Inhalt oder die Aufmachung dieser Seiten fremde Rechte Dritter oder\n gesetzliche Bestimmungen verletzen, so bitten wir um eine entsprechende\n Nachricht ohne Kostennote. Wir garantieren, dass die zu Recht \nbeanstandeten Passagen unverz\u00fcglich entfernt werden, ohne dass von Ihrer\n Seite die Einschaltung eines Rechtsbeistandes erforderlich ist.&nbsp;\n<\/p>\n","protected":false},"excerpt":{"rendered":"<p>Christian Feldmann Heidering 15 D-59872 Meschede Tel.:&nbsp;&nbsp;&nbsp;+49 291 2025634 Mobil: +49 171 780 7434 Steuernummer: 334 \/ 5022 \/ 1803 WEEEE-Reg.-Nr. DE: 13186481 Bei Fragen stehen wir telefonisch von Montag bis Freitag von 17 bis 20 Uhr zur Verf\u00fcgung. 1. Haftung f\u00fcr Inhalte Die Inhalte unserer Seiten wurden mit gr\u00f6\u00dfter Sorgfalt erstellt. F\u00fcr die Richtigkeit, &hellip; <\/p>\n<p class=\"link-more\"><a href=\"http:\/\/momo-sauerland.de\/index.php\/impressum\/\" class=\"more-link\"><span class=\"screen-reader-text\">\u201eImpressum\u201c<\/span> weiterlesen<\/a><\/p>\n","protected":false},"author":1,"featured_media":0,"parent":0,"menu_order":0,"comment_status":"closed","ping_status":"closed","template":"","meta":{"footnotes":""},"class_list":["post-430","page","type-page","status-publish","hentry"],"_links":{"self":[{"href":"http:\/\/momo-sauerland.de\/index.php\/wp-json\/wp\/v2\/pages\/430","targetHints":{"allow":["GET"]}}],"collection":[{"href":"http:\/\/momo-sauerland.de\/index.php\/wp-json\/wp\/v2\/pages"}],"about":[{"href":"http:\/\/momo-sauerland.de\/index.php\/wp-json\/wp\/v2\/types\/page"}],"author":[{"embeddable":true,"href":"http:\/\/momo-sauerland.de\/index.php\/wp-json\/wp\/v2\/users\/1"}],"replies":[{"embeddable":true,"href":"http:\/\/momo-sauerland.de\/index.php\/wp-json\/wp\/v2\/comments?post=430"}],"version-history":[{"count":5,"href":"http:\/\/momo-sauerland.de\/index.php\/wp-json\/wp\/v2\/pages\/430\/revisions"}],"predecessor-version":[{"id":880,"href":"http:\/\/momo-sauerland.de\/index.php\/wp-json\/wp\/v2\/pages\/430\/revisions\/880"}],"wp:attachment":[{"href":"http:\/\/momo-sauerland.de\/index.php\/wp-json\/wp\/v2\/media?parent=430"}],"curies":[{"name":"wp","href":"https:\/\/api.w.org\/{rel}","templated":true}]}}